{"id":16,"date":"2026-02-17T16:24:42","date_gmt":"2026-02-17T14:24:42","guid":{"rendered":"https:\/\/new-dental.smarketinglab.eu\/?page_id=16"},"modified":"2026-03-23T12:39:37","modified_gmt":"2026-03-23T10:39:37","slug":"cazuri-clinice","status":"publish","type":"page","link":"https:\/\/new-dental.smarketinglab.eu\/en\/cazuri-clinice\/","title":{"rendered":"Cazuri Clinice"},"content":{"rendered":"<h1 style=\"text-align: center;\">Cazuri reale<\/h1>\n<p style=\"text-align: center;\">Pacien\u021bii primesc toat\u0103 aten\u021bia noastr\u0103. Vezi cazuri reale tratate de echipa New Dental: transform\u0103ri spectaculoase, realizate cu grij\u0103, precizie \u0219i aten\u021bie la detalii.<\/p>","protected":false},"excerpt":{"rendered":"<p>Cazuri reale Pacien\u021bii primesc toat\u0103 aten\u021bia noastr\u0103. Vezi cazuri reale tratate de echipa New Dental: transform\u0103ri spectaculoase, realizate cu grij\u0103, precizie \u0219i aten\u021bie la detalii.<\/p>","protected":false},"author":1,"featured_media":0,"parent":0,"menu_order":0,"comment_status":"closed","ping_status":"closed","template":"templates\/case-page.php","meta":{"_acf_changed":false,"footnotes":""},"class_list":["post-16","page","type-page","status-publish","format-standard","hentry"],"acf":[],"_links":{"self":[{"href":"https:\/\/new-dental.smarketinglab.eu\/en\/wp-json\/wp\/v2\/pages\/16","targetHints":{"allow":["GET"]}}],"collection":[{"href":"https:\/\/new-dental.smarketinglab.eu\/en\/wp-json\/wp\/v2\/pages"}],"about":[{"href":"https:\/\/new-dental.smarketinglab.eu\/en\/wp-json\/wp\/v2\/types\/page"}],"author":[{"embeddable":true,"href":"https:\/\/new-dental.smarketinglab.eu\/en\/wp-json\/wp\/v2\/users\/1"}],"replies":[{"embeddable":true,"href":"https:\/\/new-dental.smarketinglab.eu\/en\/wp-json\/wp\/v2\/comments?post=16"}],"version-history":[{"count":12,"href":"https:\/\/new-dental.smarketinglab.eu\/en\/wp-json\/wp\/v2\/pages\/16\/revisions"}],"predecessor-version":[{"id":552,"href":"https:\/\/new-dental.smarketinglab.eu\/en\/wp-json\/wp\/v2\/pages\/16\/revisions\/552"}],"wp:attachment":[{"href":"https:\/\/new-dental.smarketinglab.eu\/en\/wp-json\/wp\/v2\/media?parent=16"}],"curies":[{"name":"wp","href":"https:\/\/api.w.org\/{rel}","templated":true}]}}