{"id":18,"date":"2026-02-17T16:24:54","date_gmt":"2026-02-17T14:24:54","guid":{"rendered":"https:\/\/new-dental.smarketinglab.eu\/?page_id=18"},"modified":"2026-03-24T11:29:42","modified_gmt":"2026-03-24T09:29:42","slug":"preturi","status":"publish","type":"page","link":"https:\/\/new-dental.smarketinglab.eu\/en\/preturi\/","title":{"rendered":"Pre\u021buri"},"content":{"rendered":"<h1 style=\"text-align: center;\">Tarife<\/h1>\n<p style=\"text-align: center;\">La New Dental, credem \u00een transparen\u021b\u0103 \u0219i corectitudine.<br \/>\nConsult\u0103 lista noastr\u0103 de tarife pentru tratamente stomatologice, de la consulta\u021bii \u0219i igieniz\u0103ri, p\u00e2n\u0103 la implanturi, fa\u021bete \u0219i ortodon\u021bie.<\/p>","protected":false},"excerpt":{"rendered":"<p>Tarife La New Dental, credem \u00een transparen\u021b\u0103 \u0219i corectitudine. Consult\u0103 lista noastr\u0103 de tarife pentru tratamente stomatologice, de la consulta\u021bii \u0219i igieniz\u0103ri, p\u00e2n\u0103 la implanturi, fa\u021bete \u0219i ortodon\u021bie.<\/p>","protected":false},"author":1,"featured_media":0,"parent":0,"menu_order":0,"comment_status":"closed","ping_status":"closed","template":"templates\/price-template.php","meta":{"_acf_changed":false,"footnotes":""},"class_list":["post-18","page","type-page","status-publish","format-standard","hentry"],"acf":[],"_links":{"self":[{"href":"https:\/\/new-dental.smarketinglab.eu\/en\/wp-json\/wp\/v2\/pages\/18","targetHints":{"allow":["GET"]}}],"collection":[{"href":"https:\/\/new-dental.smarketinglab.eu\/en\/wp-json\/wp\/v2\/pages"}],"about":[{"href":"https:\/\/new-dental.smarketinglab.eu\/en\/wp-json\/wp\/v2\/types\/page"}],"author":[{"embeddable":true,"href":"https:\/\/new-dental.smarketinglab.eu\/en\/wp-json\/wp\/v2\/users\/1"}],"replies":[{"embeddable":true,"href":"https:\/\/new-dental.smarketinglab.eu\/en\/wp-json\/wp\/v2\/comments?post=18"}],"version-history":[{"count":13,"href":"https:\/\/new-dental.smarketinglab.eu\/en\/wp-json\/wp\/v2\/pages\/18\/revisions"}],"predecessor-version":[{"id":730,"href":"https:\/\/new-dental.smarketinglab.eu\/en\/wp-json\/wp\/v2\/pages\/18\/revisions\/730"}],"wp:attachment":[{"href":"https:\/\/new-dental.smarketinglab.eu\/en\/wp-json\/wp\/v2\/media?parent=18"}],"curies":[{"name":"wp","href":"https:\/\/api.w.org\/{rel}","templated":true}]}}