{"id":19,"date":"2026-02-17T16:25:02","date_gmt":"2026-02-17T14:25:02","guid":{"rendered":"https:\/\/new-dental.smarketinglab.eu\/?page_id=19"},"modified":"2026-03-23T13:58:54","modified_gmt":"2026-03-23T11:58:54","slug":"servicii","status":"publish","type":"page","link":"https:\/\/new-dental.smarketinglab.eu\/en\/servicii\/","title":{"rendered":"Servicii"},"content":{"rendered":"<h1 style=\"text-align: center;\">Servicii<\/h1>\n<p style=\"text-align: center;\">La New Dental Bucure\u0219ti oferim servicii stomatologice complete, de la profilaxie \u0219i tratamente pentru carii, p\u00e2n\u0103 la implant dentar, ortodon\u021bie \u0219i estetic\u0103 dentar\u0103. Fiecare tratament este realizat cu profesionalism, empatie \u0219i aten\u021bie la detalii, pentru un z\u00e2mbet s\u0103n\u0103tos \u0219i durabil.<\/p>","protected":false},"excerpt":{"rendered":"<p>Servicii La New Dental Bucure\u0219ti oferim servicii stomatologice complete, de la profilaxie \u0219i tratamente pentru carii, p\u00e2n\u0103 la implant dentar, ortodon\u021bie \u0219i estetic\u0103 dentar\u0103. Fiecare tratament este realizat cu profesionalism, empatie \u0219i aten\u021bie la detalii, pentru un z\u00e2mbet s\u0103n\u0103tos \u0219i durabil.<\/p>","protected":false},"author":1,"featured_media":0,"parent":0,"menu_order":0,"comment_status":"closed","ping_status":"closed","template":"templates\/services.php","meta":{"_acf_changed":false,"footnotes":""},"class_list":["post-19","page","type-page","status-publish","format-standard","hentry"],"acf":[],"_links":{"self":[{"href":"https:\/\/new-dental.smarketinglab.eu\/en\/wp-json\/wp\/v2\/pages\/19","targetHints":{"allow":["GET"]}}],"collection":[{"href":"https:\/\/new-dental.smarketinglab.eu\/en\/wp-json\/wp\/v2\/pages"}],"about":[{"href":"https:\/\/new-dental.smarketinglab.eu\/en\/wp-json\/wp\/v2\/types\/page"}],"author":[{"embeddable":true,"href":"https:\/\/new-dental.smarketinglab.eu\/en\/wp-json\/wp\/v2\/users\/1"}],"replies":[{"embeddable":true,"href":"https:\/\/new-dental.smarketinglab.eu\/en\/wp-json\/wp\/v2\/comments?post=19"}],"version-history":[{"count":4,"href":"https:\/\/new-dental.smarketinglab.eu\/en\/wp-json\/wp\/v2\/pages\/19\/revisions"}],"predecessor-version":[{"id":581,"href":"https:\/\/new-dental.smarketinglab.eu\/en\/wp-json\/wp\/v2\/pages\/19\/revisions\/581"}],"wp:attachment":[{"href":"https:\/\/new-dental.smarketinglab.eu\/en\/wp-json\/wp\/v2\/media?parent=19"}],"curies":[{"name":"wp","href":"https:\/\/api.w.org\/{rel}","templated":true}]}}